{"id":2,"date":"2016-02-05T18:41:25","date_gmt":"2016-02-05T18:41:25","guid":{"rendered":"https:\/\/www.sistemizecoach.com\/blog\/?page_id=2"},"modified":"2019-07-04T17:26:31","modified_gmt":"2019-07-04T20:26:31","slug":"quem-somos","status":"publish","type":"page","link":"https:\/\/sistemizecoach.com\/blog\/quem-somos\/","title":{"rendered":"Quem Somos"},"content":{"rendered":"<p><iframe loading=\"lazy\" width=\"708\" height=\"398\" src=\"https:\/\/www.youtube.com\/embed\/6QgP_sZZNWY?feature=oembed\" frameborder=\"0\" allow=\"accelerometer; autoplay; encrypted-media; gyroscope; picture-in-picture\" allowfullscreen><\/iframe><\/p>\n<p>Uma \u00fanica plataforma para gerenciar todo o processo de coaching. Com a SistemizeCoach, voc\u00ea n\u00e3o precisar\u00e1 de Excel, Word, Skype e Outlook para gerenciar as suas sess\u00f5es.<\/p>\n<p>Organize todos os seus processos de coaching. Voc\u00ea pode realizar v\u00eddeos chamada, registrar sess\u00f5es, aplicar ferramentas, enviar lembretes via email ou SMS, acompanhar metas, enviar materiais educativos, mensagens, entre outras funcionalidades. Ela tamb\u00e9m serve como um canal de relacionamento entre coach e coachee.<\/p>\n<p>Crie ferramentas visuais, armazene o hist\u00f3rico de suas sess\u00f5es e tangibilize o processo com relat\u00f3rios completos para o seu coachee.<\/p>\n<h3 style=\"text-align: center;\"><a href=\"https:\/\/www.sistemizecoach.com\/conheca\/?ref=blog-quem-somos\">TESTE GR\u00c1TIS<\/a><\/h3>\n<p>&nbsp;<\/p>\n","protected":false},"excerpt":{"rendered":"<p>Uma \u00fanica plataforma para gerenciar todo o processo de coaching. Com a SistemizeCoach, voc\u00ea n\u00e3o precisar\u00e1 de Excel, Word, Skype e Outlook para gerenciar as suas sess\u00f5es. Organize todos os seus processos de coaching. Voc\u00ea pode realizar v\u00eddeos chamada, registrar sess\u00f5es, aplicar ferramentas, enviar lembretes via email ou SMS, acompanhar metas, enviar materiais educativos, mensagens,&hellip; <a href=\"https:\/\/sistemizecoach.com\/blog\/quem-somos\/\" class=\"more-link\">Continue lendo<\/a><\/p>\n","protected":false},"author":1,"featured_media":0,"parent":0,"menu_order":0,"comment_status":"closed","ping_status":"open","template":"","meta":{"footnotes":""},"_links":{"self":[{"href":"https:\/\/sistemizecoach.com\/blog\/wp-json\/wp\/v2\/pages\/2"}],"collection":[{"href":"https:\/\/sistemizecoach.com\/blog\/wp-json\/wp\/v2\/pages"}],"about":[{"href":"https:\/\/sistemizecoach.com\/blog\/wp-json\/wp\/v2\/types\/page"}],"author":[{"embeddable":true,"href":"https:\/\/sistemizecoach.com\/blog\/wp-json\/wp\/v2\/users\/1"}],"replies":[{"embeddable":true,"href":"https:\/\/sistemizecoach.com\/blog\/wp-json\/wp\/v2\/comments?post=2"}],"version-history":[{"count":24,"href":"https:\/\/sistemizecoach.com\/blog\/wp-json\/wp\/v2\/pages\/2\/revisions"}],"predecessor-version":[{"id":1404,"href":"https:\/\/sistemizecoach.com\/blog\/wp-json\/wp\/v2\/pages\/2\/revisions\/1404"}],"wp:attachment":[{"href":"https:\/\/sistemizecoach.com\/blog\/wp-json\/wp\/v2\/media?parent=2"}],"curies":[{"name":"wp","href":"https:\/\/api.w.org\/{rel}","templated":true}]}}